{"id":358,"date":"2017-07-07T11:07:26","date_gmt":"2017-07-07T09:07:26","guid":{"rendered":"http:\/\/themis-executive.com\/dev\/legal-notice\/"},"modified":"2017-09-13T11:25:59","modified_gmt":"2017-09-13T09:25:59","slug":"legal-notice","status":"publish","type":"page","link":"https:\/\/www.themis-executive.com\/en\/legal-notice\/","title":{"rendered":"Legal Notice"},"content":{"rendered":"<div class=\"fusion-fullwidth fullwidth-box fusion-builder-row-1 nonhundred-percent-fullwidth non-hundred-percent-height-scrolling\" style=\"--awb-border-radius-top-left:0px;--awb-border-radius-top-right:0px;--awb-border-radius-bottom-right:0px;--awb-border-radius-bottom-left:0px;--awb-flex-wrap:wrap;\" ><div class=\"fusion-builder-row fusion-row\"><div class=\"fusion-layout-column fusion_builder_column fusion-builder-column-0 fusion_builder_column_1_1 1_1 fusion-one-full fusion-column-first fusion-column-last\" style=\"--awb-bg-size:cover;\"><div class=\"fusion-column-wrapper fusion-flex-column-wrapper-legacy\"><div class=\"fusion-text fusion-text-1\"><h1>Legal Notice<\/h1>\n<\/div><div class=\"fusion-text fusion-text-2\"><p style=\"text-align: justify;\">THEMIS Executive Search is a French \u00a0SAS with share capital of EUR \u00a030,000, registered with the Paris Trade and Companies Registry under the number \u00a0\u00a0\u00a0 \u00a0788\u00a0626\u00a0751\u00a0 , the registered office of which is located at 11 rue Bailly 92200 Neuilly-sur-Seine.<\/p>\n<p style=\"text-align: justify;\">THEMIS Executive Search is chaired by Themis Executive Company, a French soci\u00e9t\u00e9 \u00e0 responsabilit\u00e9 limit\u00e9e company with sole shareholder capital of 10,000 euros, whose registered office is located at 11 rue Bailly 92200 Neuilly-sur-Seine, registered with the Paris Trade and Companies Registry under number 511 449 639, represented by its manager Mr Etienne Maillard (hereinafter the &#8220;Company&#8221;).<\/p>\n<p style=\"text-align: justify;\">The site www.themis-executive.com and all parts thereof are the exclusive property of the Company. The reproduction of all or part of this site on any media whatsoever is formally prohibited, unless expressly authorized by the Company.<\/p>\n<p style=\"text-align: justify;\">The site editor is Etienne Maillard.<\/p>\n<p style=\"text-align: justify;\">The website was designed by: <a href=\"http:\/\/www.mcnetwork.fr\">MC Network\u00a0<\/a><\/p>\n<p style=\"text-align: justify;\">The website is hosted by: OVH \u2013 2 Rue Kellermann, 59100 Roubaix<\/p>\n<p style=\"text-align: justify;\">The purpose of the Company website is to present the business and services proposed by THEMIS Executive Search. The website content is for information only and is non-contractual.<\/p>\n<p style=\"text-align: justify;\">The Company may not be held liable under any circumstances for any and all direct or consequential loss that may result from your visit to this website.<\/p>\n<p style=\"text-align: justify;\">In accordance with French Law no. 78-17 of January 6, 1978 on IT, files and freedoms (the French Data Protection Act), each person is entitled to access, amend and delete the data collected that concerns them. To exercise this right, please make your request in writing to the registered office of the Company registered office.<\/p>\n<\/div><div class=\"fusion-clearfix\"><\/div><\/div><\/div><\/div><\/div>\n","protected":false},"excerpt":{"rendered":"","protected":false},"author":1,"featured_media":0,"parent":0,"menu_order":0,"comment_status":"closed","ping_status":"closed","template":"","meta":{"_seopress_robots_primary_cat":"","_seopress_titles_title":"","_seopress_titles_desc":"","_seopress_robots_index":"","footnotes":""},"class_list":["post-358","page","type-page","status-publish","hentry"],"_links":{"self":[{"href":"https:\/\/www.themis-executive.com\/en\/wp-json\/wp\/v2\/pages\/358","targetHints":{"allow":["GET"]}}],"collection":[{"href":"https:\/\/www.themis-executive.com\/en\/wp-json\/wp\/v2\/pages"}],"about":[{"href":"https:\/\/www.themis-executive.com\/en\/wp-json\/wp\/v2\/types\/page"}],"author":[{"embeddable":true,"href":"https:\/\/www.themis-executive.com\/en\/wp-json\/wp\/v2\/users\/1"}],"replies":[{"embeddable":true,"href":"https:\/\/www.themis-executive.com\/en\/wp-json\/wp\/v2\/comments?post=358"}],"version-history":[{"count":0,"href":"https:\/\/www.themis-executive.com\/en\/wp-json\/wp\/v2\/pages\/358\/revisions"}],"wp:attachment":[{"href":"https:\/\/www.themis-executive.com\/en\/wp-json\/wp\/v2\/media?parent=358"}],"curies":[{"name":"wp","href":"https:\/\/api.w.org\/{rel}","templated":true}]}}